{"id":16125,"date":"2023-07-09T02:28:13","date_gmt":"2023-07-09T02:28:15","guid":{"rendered":"https:\/\/www.bra4jewellery.com\/?post_type=product&#038;p=16125"},"modified":"2023-08-07T10:37:13","modified_gmt":"2023-08-07T10:37:13","slug":"bra-nude-with-lace","status":"publish","type":"product","link":"https:\/\/www.bra4jewellery.com\/en\/produkt\/bra-nude-with-lace\/","title":{"rendered":"Bra nude with lace"},"content":{"rendered":"<section class=\"wpb-content-wrapper\"><p>[vc_row][vc_column][vc_column_text woodmart_inline=&#8221;no&#8221; text_larger=&#8221;no&#8221;]This luxury jewelry bra is made of two silicone coated self-adhesive shells. The jewelry straps are made in Switzerland from high quality materials. All fasteners are made of real silver.[\/vc_column_text][\/vc_column][\/vc_row]<\/p>\n<\/section>","protected":false},"excerpt":{"rendered":"<p>Stelle Dir jetzt deinen individuellen Schmuck BH zusammen. Als Basis hast Du die schwarzen Schalen mit Spitze ausgew\u00e4hlt.<\/p>\n<p>F\u00fcge ganz einfach die gew\u00fcnschte Kette und Deine Gr\u00f6sse hinzu.<\/p>\n[html_block id=\"16695\"]\n<p><img decoding=\"async\" loading=\"lazy\" class=\"alignnone size-full wp-image-14383\" src=\"https:\/\/www.bra4jewellery.com\/wp-content\/uploads\/2023\/06\/Ausfuehrung.jpg\" alt=\"\" width=\"400\" height=\"106\" srcset=\"https:\/\/www.bra4jewellery.com\/wp-content\/uploads\/2023\/06\/Ausfuehrung.jpg 400w, https:\/\/www.bra4jewellery.com\/wp-content\/uploads\/2023\/06\/Ausfuehrung-150x40.jpg 150w, https:\/\/www.bra4jewellery.com\/wp-content\/uploads\/2023\/06\/Ausfuehrung-300x80.jpg 300w\" sizes=\"(max-width: 400px) 100vw, 400px\" \/><br \/>\n[mspc]<\/p>\n","protected":false},"featured_media":13864,"comment_status":"open","ping_status":"closed","template":"","meta":[],"product_cat":[404],"product_tag":[],"_links":{"self":[{"href":"https:\/\/www.bra4jewellery.com\/en\/wp-json\/wp\/v2\/product\/16125"}],"collection":[{"href":"https:\/\/www.bra4jewellery.com\/en\/wp-json\/wp\/v2\/product"}],"about":[{"href":"https:\/\/www.bra4jewellery.com\/en\/wp-json\/wp\/v2\/types\/product"}],"replies":[{"embeddable":true,"href":"https:\/\/www.bra4jewellery.com\/en\/wp-json\/wp\/v2\/comments?post=16125"}],"wp:featuredmedia":[{"embeddable":true,"href":"https:\/\/www.bra4jewellery.com\/en\/wp-json\/wp\/v2\/media\/13864"}],"wp:attachment":[{"href":"https:\/\/www.bra4jewellery.com\/en\/wp-json\/wp\/v2\/media?parent=16125"}],"wp:term":[{"taxonomy":"product_cat","embeddable":true,"href":"https:\/\/www.bra4jewellery.com\/en\/wp-json\/wp\/v2\/product_cat?post=16125"},{"taxonomy":"product_tag","embeddable":true,"href":"https:\/\/www.bra4jewellery.com\/en\/wp-json\/wp\/v2\/product_tag?post=16125"}],"curies":[{"name":"wp","href":"https:\/\/api.w.org\/{rel}","templated":true}]}}